{"id":165,"date":"2023-03-30T12:35:27","date_gmt":"2023-03-30T12:35:27","guid":{"rendered":"https:\/\/ciiemcongress.com\/?page_id=165"},"modified":"2025-05-30T14:32:55","modified_gmt":"2025-05-30T13:32:55","slug":"scientific-committee","status":"publish","type":"page","link":"https:\/\/ciiemcongress.egasmoniz.edu.pt\/index.php\/scientific-committee\/","title":{"rendered":"Scientific committee"},"content":{"rendered":"\n<p><strong>Ana Isabel Fernandes (President)<br>Ricardo Ba\u00fato<\/strong> <strong>(Vice-President)<\/strong><br>Alexandre Quintas<br>Alexandre Trindade<br>Helena Barroso<br>\u00cdris Almeida<br>Jo\u00e3o Botelho<br>Jos\u00e9 Brito<br>Madalena Oom<br>Mara Guerreiro<br>Nuno Coelho<br>Renata Ramalho<br>Ricardo Assun\u00e7\u00e3o<br>S\u00f3nia Vicente<br>Vanessa Antunes<br>Vanessa Machado<\/p>\n","protected":false},"excerpt":{"rendered":"<p>Ana Isabel Fernandes (President)Ricardo Ba\u00fato (Vice-President)Alexandre QuintasAlexandre TrindadeHelena Barroso\u00cdris AlmeidaJo\u00e3o BotelhoJos\u00e9 BritoMadalena OomMara GuerreiroNuno CoelhoRenata RamalhoRicardo Assun\u00e7\u00e3oS\u00f3nia VicenteVanessa AntunesVanessa Machado<\/p>\n","protected":false},"author":468,"featured_media":0,"parent":0,"menu_order":0,"comment_status":"closed","ping_status":"closed","template":"","meta":{"advgb_blocks_editor_width":"","advgb_blocks_columns_visual_guide":"","footnotes":""},"class_list":["post-165","page","type-page","status-publish","hentry"],"coauthors":[],"author_meta":{"author_link":"https:\/\/ciiemcongress.egasmoniz.edu.pt\/index.php\/author\/","display_name":""},"relative_dates":{"created":"Posted 3 years ago","modified":"Updated 11 months ago"},"absolute_dates":{"created":"Posted on March 30, 2023","modified":"Updated on May 30, 2025"},"absolute_dates_time":{"created":"Posted on March 30, 2023 12:35 pm","modified":"Updated on May 30, 2025 2:32 pm"},"featured_img_caption":"","featured_img":false,"series_order":"","_links":{"self":[{"href":"https:\/\/ciiemcongress.egasmoniz.edu.pt\/index.php\/wp-json\/wp\/v2\/pages\/165","targetHints":{"allow":["GET"]}}],"collection":[{"href":"https:\/\/ciiemcongress.egasmoniz.edu.pt\/index.php\/wp-json\/wp\/v2\/pages"}],"about":[{"href":"https:\/\/ciiemcongress.egasmoniz.edu.pt\/index.php\/wp-json\/wp\/v2\/types\/page"}],"author":[{"embeddable":true,"href":"https:\/\/ciiemcongress.egasmoniz.edu.pt\/index.php\/wp-json\/wp\/v2\/users\/468"}],"replies":[{"embeddable":true,"href":"https:\/\/ciiemcongress.egasmoniz.edu.pt\/index.php\/wp-json\/wp\/v2\/comments?post=165"}],"version-history":[{"count":4,"href":"https:\/\/ciiemcongress.egasmoniz.edu.pt\/index.php\/wp-json\/wp\/v2\/pages\/165\/revisions"}],"predecessor-version":[{"id":1118,"href":"https:\/\/ciiemcongress.egasmoniz.edu.pt\/index.php\/wp-json\/wp\/v2\/pages\/165\/revisions\/1118"}],"wp:attachment":[{"href":"https:\/\/ciiemcongress.egasmoniz.edu.pt\/index.php\/wp-json\/wp\/v2\/media?parent=165"}],"curies":[{"name":"wp","href":"https:\/\/api.w.org\/{rel}","templated":true}]}}